{"id":83,"date":"2015-03-11T19:27:55","date_gmt":"2015-03-11T19:27:55","guid":{"rendered":"http:\/\/www.farbtopf.pictures\/?page_id=83"},"modified":"2016-06-15T19:14:49","modified_gmt":"2016-06-15T19:14:49","slug":"ueber-mich","status":"publish","type":"page","link":"https:\/\/www.farbtopf.pictures\/","title":{"rendered":"\u00dcber mich"},"content":{"rendered":"<p style=\"text-align: left;\"><a href=\"http:\/\/www.farbtopf.pictures\/wp-content\/uploads\/2015\/03\/ms1.jpg\"><img loading=\"lazy\" decoding=\"async\" class=\"  wp-image-112 alignleft\" src=\"http:\/\/www.farbtopf.pictures\/wp-content\/uploads\/2015\/03\/ms1.jpg\" alt=\"Margit Saller\" width=\"296\" height=\"376\" srcset=\"https:\/\/www.farbtopf.pictures\/wp-content\/uploads\/2015\/03\/ms1.jpg 519w, https:\/\/www.farbtopf.pictures\/wp-content\/uploads\/2015\/03\/ms1-236x300.jpg 236w, https:\/\/www.farbtopf.pictures\/wp-content\/uploads\/2015\/03\/ms1-101x128.jpg 101w\" sizes=\"(max-width: 296px) 100vw, 296px\" \/><\/a><\/p>\n<h1><strong>Margit Saller<\/strong><\/h1>\n<p><font size=\"3\">Bin 1946 in Wien geboren. In meinen jungen Jahren hab ich das Gl\u00fcck gehabt, in Italien, Frankreich, England und Deutschland f\u00fcr l\u00e4ngere Zeit zu leben. Dadurch bin ich mit anderen Kulturen in Ber\u00fchrung gekommen, die mich gepr\u00e4gt haben und in meiner Malerei Niederschlag finden. Maler und ihre Werke\u00a0 und Biografien haben mich immer fasziniert, aber ich h\u00e4tte nie gedacht, dass ich selbst einmal zum Pinsel greifen w\u00fcrde. Die Bekanntschaft mit der akademischen Malerin Rafia Bigzadeh war der Ansto\u00df dazu. Der erste Schritt war\u00a0 ein Malkurs bei ihr 2009, bei dem ich viel gelernt und vor allem nach einigen Jahren meinen eigenen Stil entwickelt habe. Meine Arbeitstechnik ist \u00d6l auf Leinwand.<\/font><\/p>\n","protected":false},"excerpt":{"rendered":"<p>Margit Saller Bin 1946 in Wien geboren. In meinen jungen Jahren hab ich das Gl\u00fcck gehabt, in Italien, Frankreich, England und Deutschland f\u00fcr l\u00e4ngere Zeit zu leben. Dadurch bin ich mit anderen Kulturen in Ber\u00fchrung gekommen, die mich gepr\u00e4gt haben und in meiner Malerei Niederschlag finden. Maler und ihre Werke\u00a0 und Biografien haben mich immer [&hellip;]<\/p>\n","protected":false},"author":3,"featured_media":0,"parent":0,"menu_order":1,"comment_status":"closed","ping_status":"closed","template":"","meta":{"ngg_post_thumbnail":0,"footnotes":""},"_links":{"self":[{"href":"https:\/\/www.farbtopf.pictures\/index.php?rest_route=\/wp\/v2\/pages\/83"}],"collection":[{"href":"https:\/\/www.farbtopf.pictures\/index.php?rest_route=\/wp\/v2\/pages"}],"about":[{"href":"https:\/\/www.farbtopf.pictures\/index.php?rest_route=\/wp\/v2\/types\/page"}],"author":[{"embeddable":true,"href":"https:\/\/www.farbtopf.pictures\/index.php?rest_route=\/wp\/v2\/users\/3"}],"replies":[{"embeddable":true,"href":"https:\/\/www.farbtopf.pictures\/index.php?rest_route=%2Fwp%2Fv2%2Fcomments&post=83"}],"version-history":[{"count":10,"href":"https:\/\/www.farbtopf.pictures\/index.php?rest_route=\/wp\/v2\/pages\/83\/revisions"}],"predecessor-version":[{"id":254,"href":"https:\/\/www.farbtopf.pictures\/index.php?rest_route=\/wp\/v2\/pages\/83\/revisions\/254"}],"wp:attachment":[{"href":"https:\/\/www.farbtopf.pictures\/index.php?rest_route=%2Fwp%2Fv2%2Fmedia&parent=83"}],"curies":[{"name":"wp","href":"https:\/\/api.w.org\/{rel}","templated":true}]}}